{"id":54,"date":"2023-01-03T16:10:08","date_gmt":"2023-01-03T15:10:08","guid":{"rendered":"http:\/\/wordpress.p176533.webspaceconfig.de\/?page_id=54"},"modified":"2024-12-13T16:36:56","modified_gmt":"2024-12-13T15:36:56","slug":"impressum","status":"publish","type":"page","link":"https:\/\/www.halkevi-frankfurt.de\/tr\/impressum\/","title":{"rendered":"Impressum"},"content":{"rendered":"<h4 class=\"wp-block-heading\">Angaben gem\u00e4\u00df \u00a7 5 TMG<\/h4>\n\n\n\n<p>T\u00fcrk Halkevi Frankfurt<br>Werrastra\u00dfe 29<br>60486 Frankfurt am Main<br><br>\u00d6ffentlich anerkannter Tr\u00e4ger der Freien Jugendhilfe<br>Vereinsregister: Amtsgericht Frankfurt Nr. 73VR4135<br><br>Die Gemeinn\u00fctzigkeit des Vereins ist anerkannt durch das Finanzamt Frankfurt am Main \u2502Steuer Nr.:47 250 65109<br><\/p>\n\n\n\n<h4 class=\"wp-block-heading\">Inhaltlich verantwortlich gem\u00e4\u00df \u00a7 55 RStV:<\/h4>\n\n\n\n<p>Der Vorstand <\/p>\n\n\n\n<h4 class=\"wp-block-heading\">Online-Streitbeilegung<\/h4>\n\n\n\n<p>Die Europ\u00e4ische Kommission stellt unter <a href=\"https:\/\/ec.europa.eu\/consumers\/odr\/\" target=\"_blank\" rel=\"noreferrer noopener\">ec.europa.eu\/consumers\/odr\/<\/a> eine Plattform zur Online-Streitbeilegung bereit, die Verbraucher f\u00fcr die Beilegung einer Streitigkeit nutzen k\u00f6nnen und auf der weitere Informationen zum Thema Streitschlichtung zu finden sind.<\/p>\n\n\n\n<h4 class=\"wp-block-heading\">Au\u00dfergerichtliche Streitbeilegung<\/h4>\n\n\n\n<p>Wir sind weder verpflichtet noch dazu bereit, im Falle einer Streitigkeit mit einem Verbraucher an einem Streitbeilegungsverfahren vor einer Verbraucherschlichtungsstelle teilzunehmen.<\/p>","protected":false},"excerpt":{"rendered":"<p>Angaben gem\u00e4\u00df \u00a7 5 TMG T\u00fcrkisches Volkshaus Frankfurt e.V.Werrastra\u00dfe 2960486 Frankfurt am Main \u00d6ffentlich anerkannter Tr\u00e4ger der Freien JugendhilfeVereinsregister: Amtsgericht Frankfurt Nr. 73VR4135 Die Gemeinn\u00fctzigkeit des Vereins ist anerkannt durch das Finanzamt Frankfurt am Main \u2502Steuer Nr.:47 250 65109 Inhaltlich verantwortlich gem\u00e4\u00df \u00a7 55 RStV: Der Vorstand Online-Streitbeilegung Die Europ\u00e4ische Kommission stellt unter ec.europa.eu\/consumers\/odr\/ eine [&hellip;]<\/p>","protected":false},"author":1,"featured_media":0,"parent":0,"menu_order":101,"comment_status":"closed","ping_status":"closed","template":"","meta":{"inline_featured_image":false,"footnotes":""},"class_list":["post-54","page","type-page","status-publish","hentry"],"yoast_head":"<!-- This site is optimized with the Yoast SEO plugin v26.8 - https:\/\/yoast.com\/product\/yoast-seo-wordpress\/ -->\n<title>Impressum - T\u00fcrkisches Volkshaus Frankfurt e.V.<\/title>\n<meta name=\"robots\" content=\"index, follow, max-snippet:-1, max-image-preview:large, max-video-preview:-1\" \/>\n<link rel=\"canonical\" href=\"https:\/\/www.halkevi-frankfurt.de\/tr\/impressum\/\" \/>\n<meta property=\"og:locale\" content=\"tr_TR\" \/>\n<meta property=\"og:type\" content=\"article\" \/>\n<meta property=\"og:title\" content=\"Impressum - T\u00fcrkisches Volkshaus Frankfurt e.V.\" \/>\n<meta property=\"og:description\" content=\"Angaben gem\u00e4\u00df \u00a7 5 TMG T\u00fcrkisches Volkshaus Frankfurt e.V.Werrastra\u00dfe 2960486 Frankfurt am Main \u00d6ffentlich anerkannter Tr\u00e4ger der Freien JugendhilfeVereinsregister: Amtsgericht Frankfurt Nr. 73VR4135 Die Gemeinn\u00fctzigkeit des Vereins ist anerkannt durch das Finanzamt Frankfurt am Main \u2502Steuer Nr.:47 250 65109 Inhaltlich verantwortlich gem\u00e4\u00df \u00a7 55 RStV: Der Vorstand Online-Streitbeilegung Die Europ\u00e4ische Kommission stellt unter ec.europa.eu\/consumers\/odr\/ eine [&hellip;]\" \/>\n<meta property=\"og:url\" content=\"https:\/\/www.halkevi-frankfurt.de\/tr\/impressum\/\" \/>\n<meta property=\"og:site_name\" content=\"T\u00fcrkisches Volkshaus Frankfurt e.V.\" \/>\n<meta property=\"article:modified_time\" content=\"2024-12-13T15:36:56+00:00\" \/>\n<meta name=\"twitter:card\" content=\"summary_large_image\" \/>\n<meta name=\"twitter:label1\" content=\"Tahmini okuma s\u00fcresi\" \/>\n\t<meta name=\"twitter:data1\" content=\"1 dakika\" \/>\n<script type=\"application\/ld+json\" class=\"yoast-schema-graph\">{\"@context\":\"https:\/\/schema.org\",\"@graph\":[{\"@type\":\"WebPage\",\"@id\":\"https:\/\/www.halkevi-frankfurt.de\/impressum\/\",\"url\":\"https:\/\/www.halkevi-frankfurt.de\/impressum\/\",\"name\":\"Impressum - T\u00fcrkisches Volkshaus Frankfurt e.V.\",\"isPartOf\":{\"@id\":\"https:\/\/www.halkevi-frankfurt.de\/#website\"},\"datePublished\":\"2023-01-03T15:10:08+00:00\",\"dateModified\":\"2024-12-13T15:36:56+00:00\",\"breadcrumb\":{\"@id\":\"https:\/\/www.halkevi-frankfurt.de\/impressum\/#breadcrumb\"},\"inLanguage\":\"tr\",\"potentialAction\":[{\"@type\":\"ReadAction\",\"target\":[\"https:\/\/www.halkevi-frankfurt.de\/impressum\/\"]}]},{\"@type\":\"BreadcrumbList\",\"@id\":\"https:\/\/www.halkevi-frankfurt.de\/impressum\/#breadcrumb\",\"itemListElement\":[{\"@type\":\"ListItem\",\"position\":1,\"name\":\"Startseite\",\"item\":\"https:\/\/www.halkevi-frankfurt.de\/\"},{\"@type\":\"ListItem\",\"position\":2,\"name\":\"Impressum\"}]},{\"@type\":\"WebSite\",\"@id\":\"https:\/\/www.halkevi-frankfurt.de\/#website\",\"url\":\"https:\/\/www.halkevi-frankfurt.de\/\",\"name\":\"T\u00fcrkisches Volkshaus Frankfurt e.V.\",\"description\":\"1965\",\"publisher\":{\"@id\":\"https:\/\/www.halkevi-frankfurt.de\/#organization\"},\"potentialAction\":[{\"@type\":\"SearchAction\",\"target\":{\"@type\":\"EntryPoint\",\"urlTemplate\":\"https:\/\/www.halkevi-frankfurt.de\/?s={search_term_string}\"},\"query-input\":{\"@type\":\"PropertyValueSpecification\",\"valueRequired\":true,\"valueName\":\"search_term_string\"}}],\"inLanguage\":\"tr\"},{\"@type\":\"Organization\",\"@id\":\"https:\/\/www.halkevi-frankfurt.de\/#organization\",\"name\":\"T\u00fcrkisches Volkshaus Frankfurt e.V.\",\"url\":\"https:\/\/www.halkevi-frankfurt.de\/\",\"logo\":{\"@type\":\"ImageObject\",\"inLanguage\":\"tr\",\"@id\":\"https:\/\/www.halkevi-frankfurt.de\/#\/schema\/logo\/image\/\",\"url\":\"https:\/\/www.halkevi-frankfurt.de\/wp-content\/uploads\/Halkevi_Logo-subline.svg\",\"contentUrl\":\"https:\/\/www.halkevi-frankfurt.de\/wp-content\/uploads\/Halkevi_Logo-subline.svg\",\"width\":100,\"height\":100,\"caption\":\"T\u00fcrkisches Volkshaus Frankfurt e.V.\"},\"image\":{\"@id\":\"https:\/\/www.halkevi-frankfurt.de\/#\/schema\/logo\/image\/\"}}]}<\/script>\n<!-- \/ Yoast SEO plugin. -->","yoast_head_json":{"title":"Impressum - T\u00fcrkisches Volkshaus Frankfurt e.V.","robots":{"index":"index","follow":"follow","max-snippet":"max-snippet:-1","max-image-preview":"max-image-preview:large","max-video-preview":"max-video-preview:-1"},"canonical":"https:\/\/www.halkevi-frankfurt.de\/tr\/impressum\/","og_locale":"tr_TR","og_type":"article","og_title":"Impressum - T\u00fcrkisches Volkshaus Frankfurt e.V.","og_description":"Angaben gem\u00e4\u00df \u00a7 5 TMG T\u00fcrkisches Volkshaus Frankfurt e.V.Werrastra\u00dfe 2960486 Frankfurt am Main \u00d6ffentlich anerkannter Tr\u00e4ger der Freien JugendhilfeVereinsregister: Amtsgericht Frankfurt Nr. 73VR4135 Die Gemeinn\u00fctzigkeit des Vereins ist anerkannt durch das Finanzamt Frankfurt am Main \u2502Steuer Nr.:47 250 65109 Inhaltlich verantwortlich gem\u00e4\u00df \u00a7 55 RStV: Der Vorstand Online-Streitbeilegung Die Europ\u00e4ische Kommission stellt unter ec.europa.eu\/consumers\/odr\/ eine [&hellip;]","og_url":"https:\/\/www.halkevi-frankfurt.de\/tr\/impressum\/","og_site_name":"T\u00fcrkisches Volkshaus Frankfurt e.V.","article_modified_time":"2024-12-13T15:36:56+00:00","twitter_card":"summary_large_image","twitter_misc":{"Tahmini okuma s\u00fcresi":"1 dakika"},"schema":{"@context":"https:\/\/schema.org","@graph":[{"@type":"WebPage","@id":"https:\/\/www.halkevi-frankfurt.de\/impressum\/","url":"https:\/\/www.halkevi-frankfurt.de\/impressum\/","name":"Impressum - T\u00fcrkisches Volkshaus Frankfurt e.V.","isPartOf":{"@id":"https:\/\/www.halkevi-frankfurt.de\/#website"},"datePublished":"2023-01-03T15:10:08+00:00","dateModified":"2024-12-13T15:36:56+00:00","breadcrumb":{"@id":"https:\/\/www.halkevi-frankfurt.de\/impressum\/#breadcrumb"},"inLanguage":"tr","potentialAction":[{"@type":"ReadAction","target":["https:\/\/www.halkevi-frankfurt.de\/impressum\/"]}]},{"@type":"BreadcrumbList","@id":"https:\/\/www.halkevi-frankfurt.de\/impressum\/#breadcrumb","itemListElement":[{"@type":"ListItem","position":1,"name":"Startseite","item":"https:\/\/www.halkevi-frankfurt.de\/"},{"@type":"ListItem","position":2,"name":"Impressum"}]},{"@type":"WebSite","@id":"https:\/\/www.halkevi-frankfurt.de\/#website","url":"https:\/\/www.halkevi-frankfurt.de\/","name":"T\u00fcrk Halkevi Frankfurt","description":"1965","publisher":{"@id":"https:\/\/www.halkevi-frankfurt.de\/#organization"},"potentialAction":[{"@type":"SearchAction","target":{"@type":"EntryPoint","urlTemplate":"https:\/\/www.halkevi-frankfurt.de\/?s={search_term_string}"},"query-input":{"@type":"PropertyValueSpecification","valueRequired":true,"valueName":"search_term_string"}}],"inLanguage":"tr"},{"@type":"Organization","@id":"https:\/\/www.halkevi-frankfurt.de\/#organization","name":"T\u00fcrk Halkevi Frankfurt","url":"https:\/\/www.halkevi-frankfurt.de\/","logo":{"@type":"ImageObject","inLanguage":"tr","@id":"https:\/\/www.halkevi-frankfurt.de\/#\/schema\/logo\/image\/","url":"https:\/\/www.halkevi-frankfurt.de\/wp-content\/uploads\/Halkevi_Logo-subline.svg","contentUrl":"https:\/\/www.halkevi-frankfurt.de\/wp-content\/uploads\/Halkevi_Logo-subline.svg","width":100,"height":100,"caption":"T\u00fcrkisches Volkshaus Frankfurt e.V."},"image":{"@id":"https:\/\/www.halkevi-frankfurt.de\/#\/schema\/logo\/image\/"}}]}},"_links":{"self":[{"href":"https:\/\/www.halkevi-frankfurt.de\/tr\/wp-json\/wp\/v2\/pages\/54","targetHints":{"allow":["GET"]}}],"collection":[{"href":"https:\/\/www.halkevi-frankfurt.de\/tr\/wp-json\/wp\/v2\/pages"}],"about":[{"href":"https:\/\/www.halkevi-frankfurt.de\/tr\/wp-json\/wp\/v2\/types\/page"}],"author":[{"embeddable":true,"href":"https:\/\/www.halkevi-frankfurt.de\/tr\/wp-json\/wp\/v2\/users\/1"}],"replies":[{"embeddable":true,"href":"https:\/\/www.halkevi-frankfurt.de\/tr\/wp-json\/wp\/v2\/comments?post=54"}],"version-history":[{"count":3,"href":"https:\/\/www.halkevi-frankfurt.de\/tr\/wp-json\/wp\/v2\/pages\/54\/revisions"}],"predecessor-version":[{"id":1246,"href":"https:\/\/www.halkevi-frankfurt.de\/tr\/wp-json\/wp\/v2\/pages\/54\/revisions\/1246"}],"wp:attachment":[{"href":"https:\/\/www.halkevi-frankfurt.de\/tr\/wp-json\/wp\/v2\/media?parent=54"}],"curies":[{"name":"wp","href":"https:\/\/api.w.org\/{rel}","templated":true}]}}