{"id":1103,"date":"2024-11-01T19:36:59","date_gmt":"2024-11-01T18:36:59","guid":{"rendered":"http:\/\/halkevi-frankfurt.de\/?page_id=1103"},"modified":"2024-12-13T16:30:35","modified_gmt":"2024-12-13T15:30:35","slug":"kontakt","status":"publish","type":"page","link":"https:\/\/www.halkevi-frankfurt.de\/tr\/kontakt\/","title":{"rendered":"Bize ula\u015f\u0131n"},"content":{"rendered":"<p><strong>T\u00fcrkisches Volkshaus Frankfurt e. V. <\/strong><br>Werrastra\u00dfe 29 <br>60486 Frankfurt am Main<\/p>\n\n\n\n<p>Tel.: 069 253208 <br>Fax: 069 7711308<\/p>\n\n\n\n<p>E-Mail: info[at]volkshaus-frankfurt.de<\/p>\n\n\n\n<div class=\"wp-block-group has-global-padding is-layout-constrained wp-block-group-is-layout-constrained\" style=\"margin-top:var(--wp--preset--spacing--30);margin-bottom:var(--wp--preset--spacing--30)\"><div id=\"wp_osm_\" class=\"wp_osm\" style=\"width: 100%; height: 500px\" data-lon=\"6467130\" data-lat=\"961989\" data-zoom=\"16\">\r\n\r\n\t<div class=\"ol-popup\">\r\n\r\n\t    <a href=\"#\" class=\"ol-popup-closer\"><\/a>\r\n\r\n\t    <div class=\"popup-content\"><\/div>\r\n\r\n\t<\/div>\r\n\r\n\t<div class=\"marker\" data-icon=\"http:\/\/halkevi-frankfurt.de\/wp-content\/plugins\/wp-open-street-map\/images\/markers\/marker.png\" data-lon=\"961764\" data-lat=\"6467120\" data-name=\"T\u00fcrkisches Volkshaus Frankfurt\" data-description=\"T\u00fcrkisches Volkshaus | T\u00fcrk Halkevi Frankfurt\"><\/div>\r\n<\/div>\n<\/div>\n\n\n\n<h2 class=\"wp-block-heading\">So kommen Sie zu uns<\/h2>\n\n\n\n<h3 class=\"wp-block-heading\">Mit \u00f6ffentlichen Verkehrsmitteln<\/h3>\n\n\n\n<p>S-Bahnen S3, S4, S5 und S6, Station Frankfurt West <\/p>\n\n\n\n<p>Bus Linien 32 und 36, Haltestelle Westbahnhof<\/p>\n\n\n\n<h3 class=\"wp-block-heading\">Mit dem Auto<\/h3>\n\n\n\n<p>Besser nicht<\/p>\n\n\n\n<p><\/p>","protected":false},"excerpt":{"rendered":"<p>T\u00fcrkisches Volkshaus Frankfurt e. V. Werrastra\u00dfe 29 60486 Frankfurt am Main Tel.: 069 253208 Fax: 069 7711308 E-Mail: info[at]volkshaus-frankfurt.de So kommen Sie zu uns Mit \u00f6ffentlichen Verkehrsmitteln S-Bahnen S3, S4, S5 und S6, Station Frankfurt West Bus Linien 32 und 36, Haltestelle Westbahnhof Mit dem Auto Besser nicht<\/p>","protected":false},"author":1,"featured_media":0,"parent":0,"menu_order":100,"comment_status":"closed","ping_status":"closed","template":"","meta":{"inline_featured_image":false,"footnotes":""},"class_list":["post-1103","page","type-page","status-publish","hentry"],"yoast_head":"<!-- This site is optimized with the Yoast SEO plugin v26.8 - https:\/\/yoast.com\/product\/yoast-seo-wordpress\/ -->\n<title>Kontakt - T\u00fcrkisches Volkshaus Frankfurt e.V.<\/title>\n<meta name=\"robots\" content=\"index, follow, max-snippet:-1, max-image-preview:large, max-video-preview:-1\" \/>\n<link rel=\"canonical\" href=\"https:\/\/www.halkevi-frankfurt.de\/tr\/kontakt\/\" \/>\n<meta property=\"og:locale\" content=\"tr_TR\" \/>\n<meta property=\"og:type\" content=\"article\" \/>\n<meta property=\"og:title\" content=\"Kontakt - T\u00fcrkisches Volkshaus Frankfurt e.V.\" \/>\n<meta property=\"og:description\" content=\"T\u00fcrkisches Volkshaus Frankfurt e. V. Werrastra\u00dfe 29 60486 Frankfurt am Main Tel.: 069 253208 Fax: 069 7711308 E-Mail: info[at]volkshaus-frankfurt.de So kommen Sie zu uns Mit \u00f6ffentlichen Verkehrsmitteln S-Bahnen S3, S4, S5 und S6, Station Frankfurt West Bus Linien 32 und 36, Haltestelle Westbahnhof Mit dem Auto Besser nicht\" \/>\n<meta property=\"og:url\" content=\"https:\/\/www.halkevi-frankfurt.de\/tr\/kontakt\/\" \/>\n<meta property=\"og:site_name\" content=\"T\u00fcrkisches Volkshaus Frankfurt e.V.\" \/>\n<meta property=\"article:modified_time\" content=\"2024-12-13T15:30:35+00:00\" \/>\n<meta name=\"twitter:card\" content=\"summary_large_image\" \/>\n<meta name=\"twitter:label1\" content=\"Tahmini okuma s\u00fcresi\" \/>\n\t<meta name=\"twitter:data1\" content=\"1 dakika\" \/>\n<script type=\"application\/ld+json\" class=\"yoast-schema-graph\">{\"@context\":\"https:\/\/schema.org\",\"@graph\":[{\"@type\":\"WebPage\",\"@id\":\"https:\/\/www.halkevi-frankfurt.de\/kontakt\/\",\"url\":\"https:\/\/www.halkevi-frankfurt.de\/kontakt\/\",\"name\":\"Kontakt - T\u00fcrkisches Volkshaus Frankfurt e.V.\",\"isPartOf\":{\"@id\":\"https:\/\/www.halkevi-frankfurt.de\/#website\"},\"datePublished\":\"2024-11-01T18:36:59+00:00\",\"dateModified\":\"2024-12-13T15:30:35+00:00\",\"breadcrumb\":{\"@id\":\"https:\/\/www.halkevi-frankfurt.de\/kontakt\/#breadcrumb\"},\"inLanguage\":\"tr\",\"potentialAction\":[{\"@type\":\"ReadAction\",\"target\":[\"https:\/\/www.halkevi-frankfurt.de\/kontakt\/\"]}]},{\"@type\":\"BreadcrumbList\",\"@id\":\"https:\/\/www.halkevi-frankfurt.de\/kontakt\/#breadcrumb\",\"itemListElement\":[{\"@type\":\"ListItem\",\"position\":1,\"name\":\"Startseite\",\"item\":\"https:\/\/www.halkevi-frankfurt.de\/\"},{\"@type\":\"ListItem\",\"position\":2,\"name\":\"Kontakt\"}]},{\"@type\":\"WebSite\",\"@id\":\"https:\/\/www.halkevi-frankfurt.de\/#website\",\"url\":\"https:\/\/www.halkevi-frankfurt.de\/\",\"name\":\"T\u00fcrkisches Volkshaus Frankfurt e.V.\",\"description\":\"1965\",\"publisher\":{\"@id\":\"https:\/\/www.halkevi-frankfurt.de\/#organization\"},\"potentialAction\":[{\"@type\":\"SearchAction\",\"target\":{\"@type\":\"EntryPoint\",\"urlTemplate\":\"https:\/\/www.halkevi-frankfurt.de\/?s={search_term_string}\"},\"query-input\":{\"@type\":\"PropertyValueSpecification\",\"valueRequired\":true,\"valueName\":\"search_term_string\"}}],\"inLanguage\":\"tr\"},{\"@type\":\"Organization\",\"@id\":\"https:\/\/www.halkevi-frankfurt.de\/#organization\",\"name\":\"T\u00fcrkisches Volkshaus Frankfurt e.V.\",\"url\":\"https:\/\/www.halkevi-frankfurt.de\/\",\"logo\":{\"@type\":\"ImageObject\",\"inLanguage\":\"tr\",\"@id\":\"https:\/\/www.halkevi-frankfurt.de\/#\/schema\/logo\/image\/\",\"url\":\"https:\/\/www.halkevi-frankfurt.de\/wp-content\/uploads\/Halkevi_Logo-subline.svg\",\"contentUrl\":\"https:\/\/www.halkevi-frankfurt.de\/wp-content\/uploads\/Halkevi_Logo-subline.svg\",\"width\":100,\"height\":100,\"caption\":\"T\u00fcrkisches Volkshaus Frankfurt e.V.\"},\"image\":{\"@id\":\"https:\/\/www.halkevi-frankfurt.de\/#\/schema\/logo\/image\/\"}}]}<\/script>\n<!-- \/ Yoast SEO plugin. -->","yoast_head_json":{"title":"Kontakt - T\u00fcrkisches Volkshaus Frankfurt e.V.","robots":{"index":"index","follow":"follow","max-snippet":"max-snippet:-1","max-image-preview":"max-image-preview:large","max-video-preview":"max-video-preview:-1"},"canonical":"https:\/\/www.halkevi-frankfurt.de\/tr\/kontakt\/","og_locale":"tr_TR","og_type":"article","og_title":"Kontakt - T\u00fcrkisches Volkshaus Frankfurt e.V.","og_description":"T\u00fcrkisches Volkshaus Frankfurt e. V. Werrastra\u00dfe 29 60486 Frankfurt am Main Tel.: 069 253208 Fax: 069 7711308 E-Mail: info[at]volkshaus-frankfurt.de So kommen Sie zu uns Mit \u00f6ffentlichen Verkehrsmitteln S-Bahnen S3, S4, S5 und S6, Station Frankfurt West Bus Linien 32 und 36, Haltestelle Westbahnhof Mit dem Auto Besser nicht","og_url":"https:\/\/www.halkevi-frankfurt.de\/tr\/kontakt\/","og_site_name":"T\u00fcrkisches Volkshaus Frankfurt e.V.","article_modified_time":"2024-12-13T15:30:35+00:00","twitter_card":"summary_large_image","twitter_misc":{"Tahmini okuma s\u00fcresi":"1 dakika"},"schema":{"@context":"https:\/\/schema.org","@graph":[{"@type":"WebPage","@id":"https:\/\/www.halkevi-frankfurt.de\/kontakt\/","url":"https:\/\/www.halkevi-frankfurt.de\/kontakt\/","name":"Kontakt - T\u00fcrkisches Volkshaus Frankfurt e.V.","isPartOf":{"@id":"https:\/\/www.halkevi-frankfurt.de\/#website"},"datePublished":"2024-11-01T18:36:59+00:00","dateModified":"2024-12-13T15:30:35+00:00","breadcrumb":{"@id":"https:\/\/www.halkevi-frankfurt.de\/kontakt\/#breadcrumb"},"inLanguage":"tr","potentialAction":[{"@type":"ReadAction","target":["https:\/\/www.halkevi-frankfurt.de\/kontakt\/"]}]},{"@type":"BreadcrumbList","@id":"https:\/\/www.halkevi-frankfurt.de\/kontakt\/#breadcrumb","itemListElement":[{"@type":"ListItem","position":1,"name":"Startseite","item":"https:\/\/www.halkevi-frankfurt.de\/"},{"@type":"ListItem","position":2,"name":"Kontakt"}]},{"@type":"WebSite","@id":"https:\/\/www.halkevi-frankfurt.de\/#website","url":"https:\/\/www.halkevi-frankfurt.de\/","name":"T\u00fcrk Halkevi Frankfurt","description":"1965","publisher":{"@id":"https:\/\/www.halkevi-frankfurt.de\/#organization"},"potentialAction":[{"@type":"SearchAction","target":{"@type":"EntryPoint","urlTemplate":"https:\/\/www.halkevi-frankfurt.de\/?s={search_term_string}"},"query-input":{"@type":"PropertyValueSpecification","valueRequired":true,"valueName":"search_term_string"}}],"inLanguage":"tr"},{"@type":"Organization","@id":"https:\/\/www.halkevi-frankfurt.de\/#organization","name":"T\u00fcrk Halkevi Frankfurt","url":"https:\/\/www.halkevi-frankfurt.de\/","logo":{"@type":"ImageObject","inLanguage":"tr","@id":"https:\/\/www.halkevi-frankfurt.de\/#\/schema\/logo\/image\/","url":"https:\/\/www.halkevi-frankfurt.de\/wp-content\/uploads\/Halkevi_Logo-subline.svg","contentUrl":"https:\/\/www.halkevi-frankfurt.de\/wp-content\/uploads\/Halkevi_Logo-subline.svg","width":100,"height":100,"caption":"T\u00fcrkisches Volkshaus Frankfurt e.V."},"image":{"@id":"https:\/\/www.halkevi-frankfurt.de\/#\/schema\/logo\/image\/"}}]}},"_links":{"self":[{"href":"https:\/\/www.halkevi-frankfurt.de\/tr\/wp-json\/wp\/v2\/pages\/1103","targetHints":{"allow":["GET"]}}],"collection":[{"href":"https:\/\/www.halkevi-frankfurt.de\/tr\/wp-json\/wp\/v2\/pages"}],"about":[{"href":"https:\/\/www.halkevi-frankfurt.de\/tr\/wp-json\/wp\/v2\/types\/page"}],"author":[{"embeddable":true,"href":"https:\/\/www.halkevi-frankfurt.de\/tr\/wp-json\/wp\/v2\/users\/1"}],"replies":[{"embeddable":true,"href":"https:\/\/www.halkevi-frankfurt.de\/tr\/wp-json\/wp\/v2\/comments?post=1103"}],"version-history":[{"count":8,"href":"https:\/\/www.halkevi-frankfurt.de\/tr\/wp-json\/wp\/v2\/pages\/1103\/revisions"}],"predecessor-version":[{"id":1244,"href":"https:\/\/www.halkevi-frankfurt.de\/tr\/wp-json\/wp\/v2\/pages\/1103\/revisions\/1244"}],"wp:attachment":[{"href":"https:\/\/www.halkevi-frankfurt.de\/tr\/wp-json\/wp\/v2\/media?parent=1103"}],"curies":[{"name":"wp","href":"https:\/\/api.w.org\/{rel}","templated":true}]}}